{"id":5299,"date":"2025-01-29T15:00:11","date_gmt":"2025-01-29T14:00:11","guid":{"rendered":"https:\/\/limob.fr\/?page_id=5299"},"modified":"2025-01-29T15:03:19","modified_gmt":"2025-01-29T14:03:19","slug":"mentions-legales","status":"publish","type":"page","link":"https:\/\/limob.fr\/mentions-legales\/","title":{"rendered":"Mentions l\u00e9gales"},"content":{"rendered":"\t\t<div data-elementor-type=\"wp-page\" data-elementor-id=\"5299\" class=\"elementor elementor-5299\" data-elementor-post-type=\"page\">\n\t\t\t\t<div class=\"elementor-element elementor-element-193e16a1 e-flex e-con-boxed e-con e-parent\" data-id=\"193e16a1\" data-element_type=\"container\" data-e-type=\"container\">\r\n\t\t\t\t\t<div class=\"e-con-inner\">\r\n\t\t\t\t<div class=\"elementor-element elementor-element-59f2066 elementor-widget elementor-widget-spacer\" data-id=\"59f2066\" data-element_type=\"widget\" data-e-type=\"widget\" data-widget_type=\"spacer.default\">\n\t\t\t\t<div class=\"elementor-widget-container\">\n\t\t\t\t\t\t\t<div class=\"elementor-spacer\">\n\t\t\t<div class=\"elementor-spacer-inner\"><\/div>\n\t\t<\/div>\n\t\t\t\t\t\t<\/div>\n\t\t\t\t<\/div>\n\t\t\t\t<div class=\"elementor-element elementor-element-4d5bc20 elementor-widget elementor-widget-heading\" data-id=\"4d5bc20\" data-element_type=\"widget\" data-e-type=\"widget\" data-widget_type=\"heading.default\">\n\t\t\t\t<div class=\"elementor-widget-container\">\n\t\t\t\t\t<h2 class=\"elementor-heading-title elementor-size-default\">Mentions l\u00e9gales<\/h2>\t\t\t\t<\/div>\n\t\t\t\t<\/div>\n\t\t\t\t<div class=\"elementor-element elementor-element-6484901 elementor-widget elementor-widget-spacer\" data-id=\"6484901\" data-element_type=\"widget\" data-e-type=\"widget\" data-widget_type=\"spacer.default\">\n\t\t\t\t<div class=\"elementor-widget-container\">\n\t\t\t\t\t\t\t<div class=\"elementor-spacer\">\n\t\t\t<div class=\"elementor-spacer-inner\"><\/div>\n\t\t<\/div>\n\t\t\t\t\t\t<\/div>\n\t\t\t\t<\/div>\n\t\t\t\t<div class=\"elementor-element elementor-element-7038c320 elementor-widget elementor-widget-text-editor\" data-id=\"7038c320\" data-element_type=\"widget\" data-e-type=\"widget\" data-widget_type=\"text-editor.default\">\n\t\t\t\t<div class=\"elementor-widget-container\">\n\t\t\t\t\t\t\t\t\t<p><strong>Pr\u00e9sentation du site\u00a0: Editeur et H\u00e9bergeur du site<\/strong><\/p>\n<p>Le pr\u00e9sent site accessible \u00e0 l\u2019adresse www.limob.fr (ci-apr\u00e8s le \u00ab\u00a0Site\u00a0\u00bb) est \u00e9dit\u00e9 par la soci\u00e9t\u00e9 LIMOB, soci\u00e9t\u00e9 \u00e0 actions simplifi\u00e9es \u00e0 associ\u00e9 unique au capital de 200.000 euros, immatricul\u00e9e au RSC \u00e0 la Roche sur Yon le 23\/10\/2023, sous le num\u00e9ro 980 580 948, dont le si\u00e8ge social est impasse Jean Mouillade, 85000 la Roche sur Yon et dont le num\u00e9ro de TVA est FR91980580948 (ci-apr\u00e8s \u00ab\u00a0LiMob \u00bb).<\/p>\n<p>Repr\u00e9sentant l\u00e9gal : Monsieur Cl\u00e9ment Savarieau, Pr\u00e9sident-Directeur g\u00e9n\u00e9ral<\/p>\n<p>Directeur de la publication : Monsieur Cl\u00e9ment Savarieau, Pr\u00e9sident-Directeur g\u00e9n\u00e9ral<\/p>\n<p>D\u00e9veloppement, Graphisme : LiMob<\/p>\n<p>H\u00e9bergement :\u00a0OVH, situ\u00e9e 2 rue Kellermann \u2013 59100 Roubaix \u2013 France<\/p>\n<p><strong>\u00a0<\/strong><\/p>\n<p><strong>Contact\u00a0<\/strong><\/p>\n<p>Par courrier\u00a0: Impasse Jean Mouillade, 85000 la Roche sur Yon<\/p>\n<p>Par t\u00e9l\u00e9phone\u00a0: 02 51 37 13 61<\/p>\n<p>Par email\u00a0: <a href=\"mailto:contact@limob.fr\">contact@limob.fr<\/a><\/p>\n<p>Le directeur de la publication du Site est Monsieur Cl\u00e9ment SAVARIEAU en sa qualit\u00e9 de pr\u00e9sident directeur g\u00e9n\u00e9ral de LiMob.<\/p>\n<p><strong>Propri\u00e9t\u00e9 intellectuelle<\/strong><\/p>\n<p>La structure g\u00e9n\u00e9rale du Site ainsi que les textes, les images et tous les \u00e9l\u00e9ments qui le composent sont la propri\u00e9t\u00e9 exclusive de LiMob, \u00e0 l\u2019exception des marques des constructeurs automobiles et des pi\u00e8ces d\u00e9tach\u00e9es, cit\u00e9es \u00e0 titre de r\u00e9f\u00e9rence.<\/p>\n<p>Toute repr\u00e9sentation ou reproduction totale ou partielle du Site ou des \u00e9l\u00e9ments qui le composent, sur quelque support que ce soit, sans avoir obtenu l&rsquo;autorisation expresse et pr\u00e9alable de LiMob est interdite et constitue un d\u00e9lit de contrefa\u00e7on.<\/p>\n<p>Toutes les donn\u00e9es et informations pr\u00e9sentes ou accessibles par le Site ne peuvent en aucun cas \u00eatre reprises et utilis\u00e9es \u00e0 d\u2019autres fins que la consultation priv\u00e9e par l\u2019utilisateur direct directement connect\u00e9 sur le Site. LiMob est particuli\u00e8rement vigilant et engagera toute action appropri\u00e9e contre toute reprise quelconque effectu\u00e9e en violation des droits de propri\u00e9t\u00e9 intellectuelle et\/ou de la loi et\/ou des conditions g\u00e9n\u00e9rales du Site.<\/p>\n<p><strong>Liens hypertextes<\/strong><\/p>\n<p>Les liens hypertextes pr\u00e9sent\u00e9s sur le Site en direction de ressources ext\u00e9rieures ne sauraient engager la responsabilit\u00e9 de LiMob. La cr\u00e9ation de liens hypertextes vers le Site ne peut se faire sans l\u2019autorisation expresse et pr\u00e9alable de LiMob. Si vous souhaitez mettre en place un lien hypertexte vers le Site, vous pouvez contacter LiMob.<\/p>\n<p><strong>Responsabilit\u00e9<\/strong><\/p>\n<p>LiMob s\u2019efforce de v\u00e9rifier l\u2019exactitude et l\u2019actualisation des informations mentionn\u00e9es sur le Site et se r\u00e9serve le droit de les mettre \u00e0 jour, de les modifier ou de les supprimer \u00e0 tout moment et sans pr\u00e9avis.<\/p>\n<p>LiMob n\u2019assure toutefois aucune garantie, expresse ou tacite, concernant le contenu du Site. LiMob pourra \u00eatre amen\u00e9e \u00e0 interrompre \u00e0 tout moment l\u2019acc\u00e8s au Site pour des raisons techniques et cela sans avertissement pr\u00e9alable. LiMob ne saurait voir sa responsabilit\u00e9 engag\u00e9e au titre d\u2019un quelconque dommage r\u00e9sultant directement ou indirectement de l\u2019utilisation du pr\u00e9sent Site.<\/p>\n<p><strong>Loi applicable<\/strong><\/p>\n<p>Le pr\u00e9sent Site est r\u00e9gi par la loi fran\u00e7aise.<\/p>\n<p><em>Mentions l\u00e9gales v\u00e9rifi\u00e9es le 20 aout 2024<\/em><\/p>\t\t\t\t\t\t\t\t<\/div>\n\t\t\t\t<\/div>\n\t\t\t\t\t<\/div>\n\t\t\t\t<\/div>\n\t\t\t\t<\/div>\n\t\t","protected":false},"excerpt":{"rendered":"<p>Mentions l\u00e9gales Pr\u00e9sentation du site\u00a0: Editeur et H\u00e9bergeur du site Le pr\u00e9sent site accessible \u00e0 l\u2019adresse www.limob.fr (ci-apr\u00e8s le \u00ab\u00a0Site\u00a0\u00bb) est \u00e9dit\u00e9 par la soci\u00e9t\u00e9 LIMOB, soci\u00e9t\u00e9 \u00e0 actions simplifi\u00e9es \u00e0 associ\u00e9 unique au capital de 200.000 euros, immatricul\u00e9e au RSC \u00e0 la Roche sur Yon le 23\/10\/2023, sous le num\u00e9ro 980 580 948, dont [&hellip;]<\/p>\n","protected":false},"author":1,"featured_media":0,"parent":0,"menu_order":0,"comment_status":"closed","ping_status":"closed","template":"","meta":{"content-type":"","footnotes":""},"class_list":["post-5299","page","type-page","status-publish","hentry"],"_links":{"self":[{"href":"https:\/\/limob.fr\/wp-json\/wp\/v2\/pages\/5299","targetHints":{"allow":["GET"]}}],"collection":[{"href":"https:\/\/limob.fr\/wp-json\/wp\/v2\/pages"}],"about":[{"href":"https:\/\/limob.fr\/wp-json\/wp\/v2\/types\/page"}],"author":[{"embeddable":true,"href":"https:\/\/limob.fr\/wp-json\/wp\/v2\/users\/1"}],"replies":[{"embeddable":true,"href":"https:\/\/limob.fr\/wp-json\/wp\/v2\/comments?post=5299"}],"version-history":[{"count":10,"href":"https:\/\/limob.fr\/wp-json\/wp\/v2\/pages\/5299\/revisions"}],"predecessor-version":[{"id":5309,"href":"https:\/\/limob.fr\/wp-json\/wp\/v2\/pages\/5299\/revisions\/5309"}],"wp:attachment":[{"href":"https:\/\/limob.fr\/wp-json\/wp\/v2\/media?parent=5299"}],"curies":[{"name":"wp","href":"https:\/\/api.w.org\/{rel}","templated":true}]}}